{"id":103,"date":"2020-09-02T13:42:44","date_gmt":"2020-09-02T11:42:44","guid":{"rendered":"http:\/\/albanechampey.com\/?page_id=103"},"modified":"2026-03-29T20:41:08","modified_gmt":"2026-03-29T18:41:08","slug":"redaction-web","status":"publish","type":"page","link":"https:\/\/albanechampey.com\/?page_id=103","title":{"rendered":"R\u00e9daction web"},"content":{"rendered":"\n<p class=\"has-text-align-center has-regular-font-size\">\u00c9crire pour le web, c&#8217;est naviguer entre ce que vos clients ont envie de lire et ce que Google a envie d&#8217;indexer. J&#8217;\u00e9labore vos contenus en int\u00e9grant les bonnes pratiques SEO d\u00e8s la conception : structure, mots-cl\u00e9s, maillage interne. Articles de blog, pages de services, fiches produits : chaque texte est pens\u00e9 pour capter l&#8217;attention, convaincre, et am\u00e9liorer durablement votre positionnement et votre r\u00e9f\u00e9rencement.<\/p>\n\n\n\n<p><\/p>\n","protected":false},"excerpt":{"rendered":"<p>\u00c9crire pour le web, c&#8217;est naviguer entre ce que vos clients ont envie de lire et ce que Google a envie d&#8217;indexer. J&#8217;\u00e9labore vos contenus en int\u00e9grant les bonnes pratiques SEO d\u00e8s la conception : structure, mots-cl\u00e9s, maillage interne.(&#8230;)<\/p>\n","protected":false},"author":1,"featured_media":347,"parent":0,"menu_order":0,"comment_status":"closed","ping_status":"closed","template":"","meta":{"footnotes":""},"class_list":["post-103","page","type-page","status-publish","has-post-thumbnail","hentry"],"_links":{"self":[{"href":"https:\/\/albanechampey.com\/index.php?rest_route=\/wp\/v2\/pages\/103","targetHints":{"allow":["GET"]}}],"collection":[{"href":"https:\/\/albanechampey.com\/index.php?rest_route=\/wp\/v2\/pages"}],"about":[{"href":"https:\/\/albanechampey.com\/index.php?rest_route=\/wp\/v2\/types\/page"}],"author":[{"embeddable":true,"href":"https:\/\/albanechampey.com\/index.php?rest_route=\/wp\/v2\/users\/1"}],"replies":[{"embeddable":true,"href":"https:\/\/albanechampey.com\/index.php?rest_route=%2Fwp%2Fv2%2Fcomments&post=103"}],"version-history":[{"count":7,"href":"https:\/\/albanechampey.com\/index.php?rest_route=\/wp\/v2\/pages\/103\/revisions"}],"predecessor-version":[{"id":827,"href":"https:\/\/albanechampey.com\/index.php?rest_route=\/wp\/v2\/pages\/103\/revisions\/827"}],"wp:featuredmedia":[{"embeddable":true,"href":"https:\/\/albanechampey.com\/index.php?rest_route=\/wp\/v2\/media\/347"}],"wp:attachment":[{"href":"https:\/\/albanechampey.com\/index.php?rest_route=%2Fwp%2Fv2%2Fmedia&parent=103"}],"curies":[{"name":"wp","href":"https:\/\/api.w.org\/{rel}","templated":true}]}}