{"id":123,"date":"2020-09-04T11:25:56","date_gmt":"2020-09-04T09:25:56","guid":{"rendered":"http:\/\/albanechampey.com\/?page_id=123"},"modified":"2026-03-29T18:40:27","modified_gmt":"2026-03-29T16:40:27","slug":"strategie-social-media","status":"publish","type":"page","link":"https:\/\/albanechampey.com\/?page_id=123","title":{"rendered":"Strat\u00e9gie social media"},"content":{"rendered":"\n<p class=\"has-text-align-center has-regular-font-size\">Avant de publier quoi que ce soit, on pose les fondations. <br>D\u00e9finition de vos objectifs, identification des r\u00e9seaux pertinents, analyse de votre march\u00e9 et de vos concurrents. <br>J&#8217;\u00e9labore ensuite une ligne \u00e9ditoriale coh\u00e9rente avec votre identit\u00e9 et un planning ancr\u00e9 dans l&#8217;actualit\u00e9 de votre secteur, pour une communication qui a du sens et qui s&#8217;inscrit dans la dur\u00e9e.<\/p>\n\n\n\n<p><\/p>\n\n\n\n<p><\/p>\n\n\n\n<p><\/p>\n","protected":false},"excerpt":{"rendered":"<p>Avant de publier quoi que ce soit, on pose les fondations. D\u00e9finition de vos objectifs, identification des r\u00e9seaux pertinents, analyse de votre march\u00e9 et de vos concurrents. J&#8217;\u00e9labore ensuite une ligne \u00e9ditoriale coh\u00e9rente avec votre identit\u00e9 et un planning(&#8230;)<\/p>\n","protected":false},"author":1,"featured_media":435,"parent":0,"menu_order":0,"comment_status":"closed","ping_status":"closed","template":"","meta":{"footnotes":""},"class_list":["post-123","page","type-page","status-publish","has-post-thumbnail","hentry"],"_links":{"self":[{"href":"https:\/\/albanechampey.com\/index.php?rest_route=\/wp\/v2\/pages\/123","targetHints":{"allow":["GET"]}}],"collection":[{"href":"https:\/\/albanechampey.com\/index.php?rest_route=\/wp\/v2\/pages"}],"about":[{"href":"https:\/\/albanechampey.com\/index.php?rest_route=\/wp\/v2\/types\/page"}],"author":[{"embeddable":true,"href":"https:\/\/albanechampey.com\/index.php?rest_route=\/wp\/v2\/users\/1"}],"replies":[{"embeddable":true,"href":"https:\/\/albanechampey.com\/index.php?rest_route=%2Fwp%2Fv2%2Fcomments&post=123"}],"version-history":[{"count":3,"href":"https:\/\/albanechampey.com\/index.php?rest_route=\/wp\/v2\/pages\/123\/revisions"}],"predecessor-version":[{"id":822,"href":"https:\/\/albanechampey.com\/index.php?rest_route=\/wp\/v2\/pages\/123\/revisions\/822"}],"wp:featuredmedia":[{"embeddable":true,"href":"https:\/\/albanechampey.com\/index.php?rest_route=\/wp\/v2\/media\/435"}],"wp:attachment":[{"href":"https:\/\/albanechampey.com\/index.php?rest_route=%2Fwp%2Fv2%2Fmedia&parent=123"}],"curies":[{"name":"wp","href":"https:\/\/api.w.org\/{rel}","templated":true}]}}