{"id":167,"date":"2020-09-14T11:34:28","date_gmt":"2020-09-14T09:34:28","guid":{"rendered":"http:\/\/albanechampey.com\/?page_id=167"},"modified":"2026-03-29T20:41:51","modified_gmt":"2026-03-29T18:41:51","slug":"community-management","status":"publish","type":"page","link":"https:\/\/albanechampey.com\/?page_id=167","title":{"rendered":"Community management"},"content":{"rendered":"\n<p class=\"has-text-align-center\">Confier sa communication, c&#8217;est une d\u00e9cision qui engage votre image. Je g\u00e8re vos r\u00e9seaux avec rigueur et cr\u00e9ativit\u00e9. Je cr\u00e9e et publie vos contenus, en ajustant, en recommandant ce qui fonctionne vraiment pour votre audience. J&#8217;y ajoute ma cr\u00e9ativit\u00e9 tout en respectant votre ADN.<\/p>\n","protected":false},"excerpt":{"rendered":"<p>Confier sa communication, c&#8217;est une d\u00e9cision qui engage votre image. Je g\u00e8re vos r\u00e9seaux avec rigueur et cr\u00e9ativit\u00e9. Je cr\u00e9e et publie vos contenus, en ajustant, en recommandant ce qui fonctionne vraiment pour votre audience. J&#8217;y ajoute ma cr\u00e9ativit\u00e9(&#8230;)<\/p>\n","protected":false},"author":1,"featured_media":566,"parent":19,"menu_order":0,"comment_status":"closed","ping_status":"closed","template":"","meta":{"footnotes":""},"class_list":["post-167","page","type-page","status-publish","has-post-thumbnail","hentry"],"_links":{"self":[{"href":"https:\/\/albanechampey.com\/index.php?rest_route=\/wp\/v2\/pages\/167","targetHints":{"allow":["GET"]}}],"collection":[{"href":"https:\/\/albanechampey.com\/index.php?rest_route=\/wp\/v2\/pages"}],"about":[{"href":"https:\/\/albanechampey.com\/index.php?rest_route=\/wp\/v2\/types\/page"}],"author":[{"embeddable":true,"href":"https:\/\/albanechampey.com\/index.php?rest_route=\/wp\/v2\/users\/1"}],"replies":[{"embeddable":true,"href":"https:\/\/albanechampey.com\/index.php?rest_route=%2Fwp%2Fv2%2Fcomments&post=167"}],"version-history":[{"count":2,"href":"https:\/\/albanechampey.com\/index.php?rest_route=\/wp\/v2\/pages\/167\/revisions"}],"predecessor-version":[{"id":830,"href":"https:\/\/albanechampey.com\/index.php?rest_route=\/wp\/v2\/pages\/167\/revisions\/830"}],"up":[{"embeddable":true,"href":"https:\/\/albanechampey.com\/index.php?rest_route=\/wp\/v2\/pages\/19"}],"wp:featuredmedia":[{"embeddable":true,"href":"https:\/\/albanechampey.com\/index.php?rest_route=\/wp\/v2\/media\/566"}],"wp:attachment":[{"href":"https:\/\/albanechampey.com\/index.php?rest_route=%2Fwp%2Fv2%2Fmedia&parent=167"}],"curies":[{"name":"wp","href":"https:\/\/api.w.org\/{rel}","templated":true}]}}