{"id":76,"date":"2020-09-02T12:16:35","date_gmt":"2020-09-02T10:16:35","guid":{"rendered":"http:\/\/albanechampey.com\/?page_id=76"},"modified":"2026-03-29T21:11:38","modified_gmt":"2026-03-29T19:11:38","slug":"albane-champey-a-propos-de-moi","status":"publish","type":"page","link":"https:\/\/albanechampey.com\/?page_id=76","title":{"rendered":"\u00c0 PROPOS DE MOI"},"content":{"rendered":"\n<figure class=\"wp-block-image\"><img decoding=\"async\" src=\"https:\/\/albanechampey.com\/wp-content\/uploads\/2023\/09\/IMG_4868-768x1192.jpg\" alt=\"\"\/><\/figure>\n\n\n\n<div class=\"wp-block-group is-nowrap is-layout-flex wp-container-core-group-is-layout-ad2f72ca wp-block-group-is-layout-flex\"><\/div>\n\n\n\n<p>Je m&#8217;appelle Albane .<\/p>\n\n\n\n<p class=\"font-claude-response-body break-words whitespace-normal leading-[1.7]\">Install\u00e9e \u00e0 La Rochelle, je suis consultante en communication et marketing digital depuis plus de dix ans. Mon parcours est atypique : une formation en histoire de l&#8217;art, des ann\u00e9es dans la communication culturelle et les relations presse, puis une sp\u00e9cialisation en community management et e-commerce. Cette trajectoire, c&#8217;est ce qui fait ma diff\u00e9rence : je comprends autant l&#8217;univers visuel et \u00e9ditorial que les m\u00e9caniques digitales.<\/p>\n\n\n\n<p class=\"font-claude-response-body break-words whitespace-normal leading-[1.7]\">Je travaille avec des marques, des ind\u00e9pendants et des structures locales qui ont quelque chose \u00e0 dire et qui veulent le dire bien.<\/p>\n\n\n\n<p class=\"font-claude-response-body break-words whitespace-normal leading-[1.7]\">Strat\u00e9gie, contenus, r\u00e9seaux sociaux, r\u00e9daction web, e-commerce : j&#8217;interviens sur l&#8217;ensemble de la cha\u00eene, avec la m\u00eame exigence \u00e0 chaque \u00e9tape.<\/p>\n\n\n\n<p class=\"font-claude-response-body break-words whitespace-normal leading-[1.7]\">Ce qui me motive ? Les projets singuliers, les univers affirm\u00e9s, les collaborations dans la dur\u00e9e. Mon terrain de pr\u00e9dilection : la mode, la d\u00e9co, le lifestyle, le tourisme et la culture, les arts visuels.<\/p>\n","protected":false},"excerpt":{"rendered":"<p>Je m&#8217;appelle Albane . Install\u00e9e \u00e0 La Rochelle, je suis consultante en communication et marketing digital depuis plus de dix ans. Mon parcours est atypique : une formation en histoire de l&#8217;art, des ann\u00e9es dans la communication culturelle et(&#8230;)<\/p>\n","protected":false},"author":1,"featured_media":0,"parent":0,"menu_order":0,"comment_status":"closed","ping_status":"closed","template":"","meta":{"footnotes":""},"class_list":["post-76","page","type-page","status-publish","hentry"],"_links":{"self":[{"href":"https:\/\/albanechampey.com\/index.php?rest_route=\/wp\/v2\/pages\/76","targetHints":{"allow":["GET"]}}],"collection":[{"href":"https:\/\/albanechampey.com\/index.php?rest_route=\/wp\/v2\/pages"}],"about":[{"href":"https:\/\/albanechampey.com\/index.php?rest_route=\/wp\/v2\/types\/page"}],"author":[{"embeddable":true,"href":"https:\/\/albanechampey.com\/index.php?rest_route=\/wp\/v2\/users\/1"}],"replies":[{"embeddable":true,"href":"https:\/\/albanechampey.com\/index.php?rest_route=%2Fwp%2Fv2%2Fcomments&post=76"}],"version-history":[{"count":3,"href":"https:\/\/albanechampey.com\/index.php?rest_route=\/wp\/v2\/pages\/76\/revisions"}],"predecessor-version":[{"id":849,"href":"https:\/\/albanechampey.com\/index.php?rest_route=\/wp\/v2\/pages\/76\/revisions\/849"}],"wp:attachment":[{"href":"https:\/\/albanechampey.com\/index.php?rest_route=%2Fwp%2Fv2%2Fmedia&parent=76"}],"curies":[{"name":"wp","href":"https:\/\/api.w.org\/{rel}","templated":true}]}}