{"id":903,"date":"2026-03-30T18:37:20","date_gmt":"2026-03-30T16:37:20","guid":{"rendered":"https:\/\/albanechampey.com\/?page_id=903"},"modified":"2026-03-30T18:37:21","modified_gmt":"2026-03-30T16:37:21","slug":"e-commerce-2","status":"publish","type":"page","link":"https:\/\/albanechampey.com\/?page_id=903","title":{"rendered":"E-COMMERCE"},"content":{"rendered":"\n<p>Une boutique en ligne ne se g\u00e8re pas comme un simple catalogue en ligne.<\/p>\n\n\n\n<p>Pour performer, elle a besoin d&#8217;une animation r\u00e9guli\u00e8re, de contenus qui convertissent et d&#8217;une strat\u00e9gie e-mail qui transforme vos visiteurs en clients fid\u00e8les.<\/p>\n\n\n\n<p><strong>Ce que je prends en charge<\/strong><\/p>\n\n\n\n<p>Gestion et animation de votre boutique au quotidien, r\u00e9daction de fiches produits optimis\u00e9es SEO et pens\u00e9es pour convaincre, mise en place et suivi de votre strat\u00e9gie e-mail : newsletters, s\u00e9quences automatis\u00e9es, relances panier.<\/p>\n\n\n\n<p><strong>Mon terrain de jeu<\/strong><\/p>\n\n\n\n<p>Je travaille principalement sur Shopify, une plateforme que je ma\u00eetrise aussi bien c\u00f4t\u00e9 strat\u00e9gie que c\u00f4t\u00e9 op\u00e9rationnel. Chaque levier est actionn\u00e9 avec coh\u00e9rence, pour que votre boutique performe dans la dur\u00e9e.<\/p>\n\n\n\n<p><a href=\"\/#contact\">Parlons de votre projet<\/a><\/p>\n","protected":false},"excerpt":{"rendered":"<p>Une boutique en ligne ne se g\u00e8re pas comme un simple catalogue en ligne. Pour performer, elle a besoin d&#8217;une animation r\u00e9guli\u00e8re, de contenus qui convertissent et d&#8217;une strat\u00e9gie e-mail qui transforme vos visiteurs en clients fid\u00e8les. Ce que(&#8230;)<\/p>\n","protected":false},"author":1,"featured_media":0,"parent":0,"menu_order":0,"comment_status":"closed","ping_status":"closed","template":"","meta":{"footnotes":""},"class_list":["post-903","page","type-page","status-publish","hentry"],"_links":{"self":[{"href":"https:\/\/albanechampey.com\/index.php?rest_route=\/wp\/v2\/pages\/903","targetHints":{"allow":["GET"]}}],"collection":[{"href":"https:\/\/albanechampey.com\/index.php?rest_route=\/wp\/v2\/pages"}],"about":[{"href":"https:\/\/albanechampey.com\/index.php?rest_route=\/wp\/v2\/types\/page"}],"author":[{"embeddable":true,"href":"https:\/\/albanechampey.com\/index.php?rest_route=\/wp\/v2\/users\/1"}],"replies":[{"embeddable":true,"href":"https:\/\/albanechampey.com\/index.php?rest_route=%2Fwp%2Fv2%2Fcomments&post=903"}],"version-history":[{"count":1,"href":"https:\/\/albanechampey.com\/index.php?rest_route=\/wp\/v2\/pages\/903\/revisions"}],"predecessor-version":[{"id":904,"href":"https:\/\/albanechampey.com\/index.php?rest_route=\/wp\/v2\/pages\/903\/revisions\/904"}],"wp:attachment":[{"href":"https:\/\/albanechampey.com\/index.php?rest_route=%2Fwp%2Fv2%2Fmedia&parent=903"}],"curies":[{"name":"wp","href":"https:\/\/api.w.org\/{rel}","templated":true}]}}